{"id":95,"date":"2022-10-30T16:07:20","date_gmt":"2022-10-30T15:07:20","guid":{"rendered":"http:\/\/loiseau-creations.com\/?page_id=95"},"modified":"2026-03-11T22:32:32","modified_gmt":"2026-03-11T21:32:32","slug":"decorations-de-noel","status":"publish","type":"page","link":"https:\/\/loiseau-creations.com\/?page_id=95","title":{"rendered":"D\u00e9corations de No\u00ebl"},"content":{"rendered":"\n<p class=\"has-text-align-center has-black-color has-text-color has-link-color has-small-font-size wp-elements-a3981a67eb65be0def2af4bc1b55cb16\">Plongez dans l\u2019univers enchanteur de mes cr\u00e9ations uniques, con\u00e7ues avec passion et savoir-faire. Chaque pi\u00e8ce est soigneusement d\u00e9coup\u00e9e et assembl\u00e9e \u00e0 la main, alliant verre de vitrail, ruban de cuivre et \u00e9tain pour un rendu \u00e0 la fois \u00e9l\u00e9gant et chaleureux.<\/p>\n\n\n\n<p class=\"has-text-align-center has-black-color has-text-color has-link-color has-small-font-size wp-elements-ac395bf66e47d62d8eea4727d787c38c\">Mes d\u00e9corations se distinguent par leur diversit\u00e9 : des verres opaques, translucides et semi-opalescents qui captent la lumi\u00e8re et apportent une touche magique \u00e0 votre int\u00e9rieur. Que ce soit pour orner votre sapin ou embellir votre d\u00e9coration int\u00e9rieure, chaque pi\u00e8ce est une \u0153uvre d&rsquo;art \u00e0 part enti\u00e8re, promise \u00e0 devenir un souvenir pr\u00e9cieux de vos c\u00e9l\u00e9brations.<\/p>\n\n\n\n<p class=\"has-text-align-center has-black-color has-text-color has-link-color has-small-font-size wp-elements-35ee29df5976dca582e5197995385cf6\">Explorez ma collection et laissez-vous s\u00e9duire par la beaut\u00e9 authentique de nos d\u00e9corations de No\u00ebl. Offrez \u00e0 votre foyer une ambiance f\u00e9erique et chaleureuse avec nos cr\u00e9ations en verre de vitrail !<\/p>\n\n\n\n<p class=\"has-text-align-center has-black-color has-text-color has-link-color has-small-font-size wp-elements-fae1ffb3a47e35ccfb5b12118b76482a\">N\u2019h\u00e9sitez pas \u00e0 explorer l\u2019ensemble de mes cr\u00e9ations en vitrail, o\u00f9 chaque pi\u00e8ce raconte une histoire unique. Pour toute question ou demande d\u2019information suppl\u00e9mentaire, notre formulaire de contact est \u00e0 votre disposition.<\/p>\n\n\n\n<p class=\"has-text-align-center has-black-color has-text-color has-link-color has-small-font-size wp-elements-8225c421492d57b723e1938ed97326b6\">Je vous souhaite  une agr\u00e9able visite sur mon site.<\/p>\n\n\n\n<div style=\"height:100px\" aria-hidden=\"true\" class=\"wp-block-spacer\"><\/div>\n\n\n\n","protected":false},"excerpt":{"rendered":"<p>Plongez dans l\u2019univers enchanteur de mes cr\u00e9ations uniques, con\u00e7ues avec passion et savoir-faire. Chaque pi\u00e8ce est soigneusement d\u00e9coup\u00e9e et assembl\u00e9e \u00e0 la main, alliant verre de vitrail, ruban de cuivre et \u00e9tain pour un rendu \u00e0 la fois \u00e9l\u00e9gant et chaleureux. Mes d\u00e9corations se distinguent par leur diversit\u00e9 : des verres opaques, translucides et semi-opalescents&hellip; <br \/> <a class=\"read-more\" href=\"https:\/\/loiseau-creations.com\/?page_id=95\">Lire la suite<\/a><\/p>\n","protected":false},"author":1,"featured_media":0,"parent":5,"menu_order":0,"comment_status":"closed","ping_status":"closed","template":"","meta":{"footnotes":""},"class_list":["post-95","page","type-page","status-publish","hentry"],"_links":{"self":[{"href":"https:\/\/loiseau-creations.com\/index.php?rest_route=\/wp\/v2\/pages\/95","targetHints":{"allow":["GET"]}}],"collection":[{"href":"https:\/\/loiseau-creations.com\/index.php?rest_route=\/wp\/v2\/pages"}],"about":[{"href":"https:\/\/loiseau-creations.com\/index.php?rest_route=\/wp\/v2\/types\/page"}],"author":[{"embeddable":true,"href":"https:\/\/loiseau-creations.com\/index.php?rest_route=\/wp\/v2\/users\/1"}],"replies":[{"embeddable":true,"href":"https:\/\/loiseau-creations.com\/index.php?rest_route=%2Fwp%2Fv2%2Fcomments&post=95"}],"version-history":[{"count":11,"href":"https:\/\/loiseau-creations.com\/index.php?rest_route=\/wp\/v2\/pages\/95\/revisions"}],"predecessor-version":[{"id":3126,"href":"https:\/\/loiseau-creations.com\/index.php?rest_route=\/wp\/v2\/pages\/95\/revisions\/3126"}],"up":[{"embeddable":true,"href":"https:\/\/loiseau-creations.com\/index.php?rest_route=\/wp\/v2\/pages\/5"}],"wp:attachment":[{"href":"https:\/\/loiseau-creations.com\/index.php?rest_route=%2Fwp%2Fv2%2Fmedia&parent=95"}],"curies":[{"name":"wp","href":"https:\/\/api.w.org\/{rel}","templated":true}]}}