{"id":93,"date":"2022-10-30T16:05:49","date_gmt":"2022-10-30T15:05:49","guid":{"rendered":"http:\/\/loiseau-creations.com\/?page_id=93"},"modified":"2026-03-12T07:46:48","modified_gmt":"2026-03-12T06:46:48","slug":"photophores","status":"publish","type":"page","link":"https:\/\/loiseau-creations.com\/?page_id=93","title":{"rendered":"Photophores"},"content":{"rendered":"\n<p class=\"has-text-align-center has-black-color has-text-color has-link-color has-small-font-size wp-elements-0b70824f9b0db8d1bc651741da07550a\">\u00c9veillez vos sens avec mes photophores en vitrail, con\u00e7u \u00e0 la main avec soin et passion.<\/p>\n\n\n\n<p class=\"has-text-align-center has-black-color has-text-color has-link-color has-small-font-size wp-elements-19dcfe9588c6a5acc9bb3bb8fbd1b3b0\"> Le verre translucide laisse passer une lumi\u00e8re douce et r\u00e9confortante, tandis que le ruban de cuivre et la soudure \u00e0 l&rsquo;\u00e9tain garantissent une belle finition et une durabilit\u00e9. Ce photophore est bien plus qu&rsquo;un simple accessoire ; c&rsquo;est une pi\u00e8ce ma\u00eetresse qui apportera une ambiance chaleureuse \u00e0 votre int\u00e9rieur, parfaite pour cr\u00e9er des souvenirs inoubliables.<\/p>\n\n\n\n<p class=\"has-text-align-center has-black-color has-text-color has-link-color has-small-font-size wp-elements-fae1ffb3a47e35ccfb5b12118b76482a\">N\u2019h\u00e9sitez pas \u00e0 explorer l\u2019ensemble de mes cr\u00e9ations en vitrail, o\u00f9 chaque pi\u00e8ce raconte une histoire unique. Pour toute question ou demande d\u2019information suppl\u00e9mentaire, notre formulaire de contact est \u00e0 votre disposition.<\/p>\n\n\n\n<p class=\"has-text-align-center has-black-color has-text-color has-link-color has-small-font-size wp-elements-8225c421492d57b723e1938ed97326b6\">Je vous souhaite  une agr\u00e9able visite sur mon site.<\/p>\n\n\n\n<p class=\"has-text-align-center has-black-color has-text-color has-link-color has-small-font-size wp-elements-da6af3784984af259fef9c6bfcc482a8\"><\/p>\n\n\n\n<div style=\"height:100px\" aria-hidden=\"true\" class=\"wp-block-spacer\"><\/div>\n\n\n\n\n\n\n<p><\/p>\n","protected":false},"excerpt":{"rendered":"<p>\u00c9veillez vos sens avec mes photophores en vitrail, con\u00e7u \u00e0 la main avec soin et passion. Le verre translucide laisse passer une lumi\u00e8re douce et r\u00e9confortante, tandis que le ruban de cuivre et la soudure \u00e0 l&rsquo;\u00e9tain garantissent une belle finition et une durabilit\u00e9. Ce photophore est bien plus qu&rsquo;un simple accessoire ; c&rsquo;est une&hellip; <br \/> <a class=\"read-more\" href=\"https:\/\/loiseau-creations.com\/?page_id=93\">Lire la suite<\/a><\/p>\n","protected":false},"author":1,"featured_media":0,"parent":5,"menu_order":0,"comment_status":"closed","ping_status":"closed","template":"","meta":{"footnotes":""},"class_list":["post-93","page","type-page","status-publish","hentry"],"_links":{"self":[{"href":"https:\/\/loiseau-creations.com\/index.php?rest_route=\/wp\/v2\/pages\/93","targetHints":{"allow":["GET"]}}],"collection":[{"href":"https:\/\/loiseau-creations.com\/index.php?rest_route=\/wp\/v2\/pages"}],"about":[{"href":"https:\/\/loiseau-creations.com\/index.php?rest_route=\/wp\/v2\/types\/page"}],"author":[{"embeddable":true,"href":"https:\/\/loiseau-creations.com\/index.php?rest_route=\/wp\/v2\/users\/1"}],"replies":[{"embeddable":true,"href":"https:\/\/loiseau-creations.com\/index.php?rest_route=%2Fwp%2Fv2%2Fcomments&post=93"}],"version-history":[{"count":9,"href":"https:\/\/loiseau-creations.com\/index.php?rest_route=\/wp\/v2\/pages\/93\/revisions"}],"predecessor-version":[{"id":3132,"href":"https:\/\/loiseau-creations.com\/index.php?rest_route=\/wp\/v2\/pages\/93\/revisions\/3132"}],"up":[{"embeddable":true,"href":"https:\/\/loiseau-creations.com\/index.php?rest_route=\/wp\/v2\/pages\/5"}],"wp:attachment":[{"href":"https:\/\/loiseau-creations.com\/index.php?rest_route=%2Fwp%2Fv2%2Fmedia&parent=93"}],"curies":[{"name":"wp","href":"https:\/\/api.w.org\/{rel}","templated":true}]}}