{"id":82,"date":"2022-10-30T16:00:55","date_gmt":"2022-10-30T15:00:55","guid":{"rendered":"http:\/\/loiseau-creations.com\/?page_id=82"},"modified":"2026-03-11T21:58:35","modified_gmt":"2026-03-11T20:58:35","slug":"carillons","status":"publish","type":"page","link":"https:\/\/loiseau-creations.com\/?page_id=82","title":{"rendered":"Carillons"},"content":{"rendered":"\n<p class=\"has-text-align-center has-black-color has-text-color has-link-color has-small-font-size wp-elements-f7fc9f4a10237d4a46aebdab8cf16616\">Ces carillons sont des \u0153uvres d&rsquo;art d\u00e9licate. R\u00e9alis\u00e9e en verre de vitrail, de rubans en cuivre et d&rsquo; \u00e9tain cela ajoutent une touche d&rsquo;\u00e9l\u00e9gance. Chaque carillon est con\u00e7u avec soin, ce qui en fait une pi\u00e8ce unique. <\/p>\n\n\n\n<p class=\"has-text-align-center has-black-color has-text-color has-link-color has-small-font-size wp-elements-98d530937d4411ecdf496b207612ffa2\">La pampille, qui peut \u00eatre en verre color\u00e9 ou en bois , compl\u00e8te harmonieusement l&rsquo;ensemble et cr\u00e9ant un jeu de lumi\u00e8re fascinant lorsque le vent fait vibrer le carillon. Que ce soit pour orner un jardin, une terrasse ou un int\u00e9rieur, cet objet apporte une note po\u00e9tique et un doux tintement m\u00e9lodieux \u00e0 votre espace. Sa fabrication artisanale garantit que chaque pi\u00e8ce a sa propre personnalit\u00e9 et charme, rendant chaque carillon v\u00e9ritablement unique.<\/p>\n\n\n\n<p class=\"has-text-align-center has-black-color has-text-color has-link-color has-small-font-size wp-elements-fae1ffb3a47e35ccfb5b12118b76482a\">N\u2019h\u00e9sitez pas \u00e0 explorer l\u2019ensemble de mes cr\u00e9ations en vitrail, o\u00f9 chaque pi\u00e8ce raconte une histoire unique. Pour toute question ou demande d\u2019information suppl\u00e9mentaire, notre formulaire de contact est \u00e0 votre disposition.<\/p>\n\n\n\n<p class=\"has-text-align-center has-black-color has-text-color has-link-color has-small-font-size wp-elements-8225c421492d57b723e1938ed97326b6\">Je vous souhaite  une agr\u00e9able visite sur mon site.<\/p>\n\n\n\n<div style=\"height:100px\" aria-hidden=\"true\" class=\"wp-block-spacer\"><\/div>\n\n\n\n<p class=\"has-text-align-center\"><\/p>\n\n\n\n\n\n\n<p class=\"has-text-align-center\"><\/p>\n","protected":false},"excerpt":{"rendered":"<p>Ces carillons sont des \u0153uvres d&rsquo;art d\u00e9licate. R\u00e9alis\u00e9e en verre de vitrail, de rubans en cuivre et d&rsquo; \u00e9tain cela ajoutent une touche d&rsquo;\u00e9l\u00e9gance. Chaque carillon est con\u00e7u avec soin, ce qui en fait une pi\u00e8ce unique. La pampille, qui peut \u00eatre en verre color\u00e9 ou en bois , compl\u00e8te harmonieusement l&rsquo;ensemble et cr\u00e9ant un&hellip; <br \/> <a class=\"read-more\" href=\"https:\/\/loiseau-creations.com\/?page_id=82\">Lire la suite<\/a><\/p>\n","protected":false},"author":1,"featured_media":0,"parent":5,"menu_order":0,"comment_status":"closed","ping_status":"closed","template":"","meta":{"footnotes":""},"class_list":["post-82","page","type-page","status-publish","hentry"],"_links":{"self":[{"href":"https:\/\/loiseau-creations.com\/index.php?rest_route=\/wp\/v2\/pages\/82","targetHints":{"allow":["GET"]}}],"collection":[{"href":"https:\/\/loiseau-creations.com\/index.php?rest_route=\/wp\/v2\/pages"}],"about":[{"href":"https:\/\/loiseau-creations.com\/index.php?rest_route=\/wp\/v2\/types\/page"}],"author":[{"embeddable":true,"href":"https:\/\/loiseau-creations.com\/index.php?rest_route=\/wp\/v2\/users\/1"}],"replies":[{"embeddable":true,"href":"https:\/\/loiseau-creations.com\/index.php?rest_route=%2Fwp%2Fv2%2Fcomments&post=82"}],"version-history":[{"count":10,"href":"https:\/\/loiseau-creations.com\/index.php?rest_route=\/wp\/v2\/pages\/82\/revisions"}],"predecessor-version":[{"id":3122,"href":"https:\/\/loiseau-creations.com\/index.php?rest_route=\/wp\/v2\/pages\/82\/revisions\/3122"}],"up":[{"embeddable":true,"href":"https:\/\/loiseau-creations.com\/index.php?rest_route=\/wp\/v2\/pages\/5"}],"wp:attachment":[{"href":"https:\/\/loiseau-creations.com\/index.php?rest_route=%2Fwp%2Fv2%2Fmedia&parent=82"}],"curies":[{"name":"wp","href":"https:\/\/api.w.org\/{rel}","templated":true}]}}