{"id":80,"date":"2022-10-30T16:00:05","date_gmt":"2022-10-30T15:00:05","guid":{"rendered":"http:\/\/loiseau-creations.com\/?page_id=80"},"modified":"2026-03-12T08:11:04","modified_gmt":"2026-03-12T07:11:04","slug":"vitraux","status":"publish","type":"page","link":"https:\/\/loiseau-creations.com\/?page_id=80","title":{"rendered":"Vitraux"},"content":{"rendered":"\n<p class=\"has-text-align-center has-black-color has-text-color has-link-color has-small-font-size wp-elements-b2d2b267c420de2997dcf842d476a1e8\">&nbsp;Explorez ma collection unique, o\u00f9 chaque pi\u00e8ce raconte une histoire, m\u00ealant habilement tradition et modernit\u00e9. Des motifs contemporains aux designs inspir\u00e9s , chaque vitrail est une invitation \u00e0 la contemplation et \u00e0 l&rsquo;\u00e9merveillement.<\/p>\n\n\n\n<p class=\"has-text-align-center has-black-color has-text-color has-link-color has-small-font-size wp-elements-b4a7661d08eeca0ea83ddb996a9e335f\">Que vous cherchiez un vitrail sur mesure pour embellir votre int\u00e9rieur ou un \u00e9l\u00e9ment d\u00e9coratif pour un \u00e9v\u00e9nement sp\u00e9cial, je suis \u00e0 votre \u00e9coute pour donner vie \u00e0 vos d\u00e9sirs artistiques. Chaque cr\u00e9ation est r\u00e9alis\u00e9e avec passion et finesse dans mon atelier, o\u00f9 le savoir-faire rencontre l&rsquo;inspiration.<\/p>\n\n\n\n<p class=\"has-text-align-center has-black-color has-text-color has-link-color has-small-font-size wp-elements-5553615f429627823915d0efd05db87b\">Parcourez ci-dessous une gamme de mes \u0153uvres, t\u00e9moignant de mon engagement envers l\u2019art du vitrail. Laissez-vous s\u00e9duire par la beaut\u00e9 de la lumi\u00e8re filtr\u00e9e \u00e0 travers le verre color\u00e9, et imaginez comment une de mes cr\u00e9ations pourrait transformer votre espace. <\/p>\n\n\n\n<p class=\"has-text-align-center has-black-color has-text-color has-link-color has-small-font-size wp-elements-48ae2f8d6a04e4a37db9a5fcd903180d\">Pour toute information suppl\u00e9mentaire, n\u2019h\u00e9sitez pas \u00e0 remplir notre bordereau de contact. Nous serons ravis de collaborer avec vous pour cr\u00e9er le vitrail qui correspond \u00e0 votre style !<\/p>\n\n\n\n<div style=\"height:100px\" aria-hidden=\"true\" class=\"wp-block-spacer\"><\/div>\n\n\n\n\n\n\n<p><\/p>\n","protected":false},"excerpt":{"rendered":"<p>&nbsp;Explorez ma collection unique, o\u00f9 chaque pi\u00e8ce raconte une histoire, m\u00ealant habilement tradition et modernit\u00e9. Des motifs contemporains aux designs inspir\u00e9s , chaque vitrail est une invitation \u00e0 la contemplation et \u00e0 l&rsquo;\u00e9merveillement. Que vous cherchiez un vitrail sur mesure pour embellir votre int\u00e9rieur ou un \u00e9l\u00e9ment d\u00e9coratif pour un \u00e9v\u00e9nement sp\u00e9cial, je suis \u00e0&hellip; <br \/> <a class=\"read-more\" href=\"https:\/\/loiseau-creations.com\/?page_id=80\">Lire la suite<\/a><\/p>\n","protected":false},"author":1,"featured_media":0,"parent":5,"menu_order":0,"comment_status":"closed","ping_status":"closed","template":"","meta":{"footnotes":""},"class_list":["post-80","page","type-page","status-publish","hentry"],"_links":{"self":[{"href":"https:\/\/loiseau-creations.com\/index.php?rest_route=\/wp\/v2\/pages\/80","targetHints":{"allow":["GET"]}}],"collection":[{"href":"https:\/\/loiseau-creations.com\/index.php?rest_route=\/wp\/v2\/pages"}],"about":[{"href":"https:\/\/loiseau-creations.com\/index.php?rest_route=\/wp\/v2\/types\/page"}],"author":[{"embeddable":true,"href":"https:\/\/loiseau-creations.com\/index.php?rest_route=\/wp\/v2\/users\/1"}],"replies":[{"embeddable":true,"href":"https:\/\/loiseau-creations.com\/index.php?rest_route=%2Fwp%2Fv2%2Fcomments&post=80"}],"version-history":[{"count":7,"href":"https:\/\/loiseau-creations.com\/index.php?rest_route=\/wp\/v2\/pages\/80\/revisions"}],"predecessor-version":[{"id":3140,"href":"https:\/\/loiseau-creations.com\/index.php?rest_route=\/wp\/v2\/pages\/80\/revisions\/3140"}],"up":[{"embeddable":true,"href":"https:\/\/loiseau-creations.com\/index.php?rest_route=\/wp\/v2\/pages\/5"}],"wp:attachment":[{"href":"https:\/\/loiseau-creations.com\/index.php?rest_route=%2Fwp%2Fv2%2Fmedia&parent=80"}],"curies":[{"name":"wp","href":"https:\/\/api.w.org\/{rel}","templated":true}]}}