{"id":78,"date":"2022-10-30T15:59:15","date_gmt":"2022-10-30T14:59:15","guid":{"rendered":"http:\/\/loiseau-creations.com\/?page_id=78"},"modified":"2026-03-12T08:00:06","modified_gmt":"2026-03-12T07:00:06","slug":"supports-post-it","status":"publish","type":"page","link":"https:\/\/loiseau-creations.com\/?page_id=78","title":{"rendered":"Supports Post-it"},"content":{"rendered":"\n<p class=\"has-text-align-center has-black-color has-text-color has-link-color has-small-font-size wp-elements-64b2acf7528bbc9783a719a73cd7de03\">Ces supports Post-it en verre de vitrail sont non seulement fonctionnels, mais aussi des \u0153uvres d&rsquo;art uniques qui apportent une touche d&rsquo;\u00e9l\u00e9gance \u00e0 votre espace de travail ou \u00e0 votre maison. Chaque pi\u00e8ce, r\u00e9alis\u00e9e avec soin, varie en couleur et en design, ce qui en fait un accessoire d\u00e9coratif \u00e0 part enti\u00e8re.<\/p>\n\n\n\n<p class=\"has-text-align-center has-black-color has-text-color has-link-color has-small-font-size wp-elements-b42994464f37b4647bcf470960c83737\">Vous avez la possibilit\u00e9 de personnaliser votre support selon vos go\u00fbts et vos envies. Que vous souhaitiez un motif d&rsquo;oiseau, de fleurs, de chat, de maison ou tout autre design, nous sommes l\u00e0 pour concr\u00e9tiser vos id\u00e9es. Apr\u00e8s r\u00e9ception de votre demande, nous cr\u00e9erons des dessins pour \u00e9laborer une maquette pr\u00e9alable, afin de vous assurer que le produit final r\u00e9pondra parfaitement \u00e0 vos attentes.<\/p>\n\n\n\n<p class=\"has-text-align-center has-black-color has-text-color has-link-color has-small-font-size wp-elements-1332c4f8aa3bbcdd4970b6e63680699b\">Pour toute information suppl\u00e9mentaire ou pour passer commande, n&rsquo;h\u00e9sitez pas \u00e0 remplir notre bordereau de contact. Nous serons ravis de collaborer avec vous pour cr\u00e9er le support Post-it id\u00e9al qui correspond \u00e0 votre style !<\/p>\n\n\n\n<div style=\"height:100px\" aria-hidden=\"true\" class=\"wp-block-spacer\"><\/div>\n\n\n\n","protected":false},"excerpt":{"rendered":"<p>Ces supports Post-it en verre de vitrail sont non seulement fonctionnels, mais aussi des \u0153uvres d&rsquo;art uniques qui apportent une touche d&rsquo;\u00e9l\u00e9gance \u00e0 votre espace de travail ou \u00e0 votre maison. Chaque pi\u00e8ce, r\u00e9alis\u00e9e avec soin, varie en couleur et en design, ce qui en fait un accessoire d\u00e9coratif \u00e0 part enti\u00e8re. Vous avez la&hellip; <br \/> <a class=\"read-more\" href=\"https:\/\/loiseau-creations.com\/?page_id=78\">Lire la suite<\/a><\/p>\n","protected":false},"author":1,"featured_media":0,"parent":5,"menu_order":0,"comment_status":"closed","ping_status":"closed","template":"","meta":{"footnotes":""},"class_list":["post-78","page","type-page","status-publish","hentry"],"_links":{"self":[{"href":"https:\/\/loiseau-creations.com\/index.php?rest_route=\/wp\/v2\/pages\/78","targetHints":{"allow":["GET"]}}],"collection":[{"href":"https:\/\/loiseau-creations.com\/index.php?rest_route=\/wp\/v2\/pages"}],"about":[{"href":"https:\/\/loiseau-creations.com\/index.php?rest_route=\/wp\/v2\/types\/page"}],"author":[{"embeddable":true,"href":"https:\/\/loiseau-creations.com\/index.php?rest_route=\/wp\/v2\/users\/1"}],"replies":[{"embeddable":true,"href":"https:\/\/loiseau-creations.com\/index.php?rest_route=%2Fwp%2Fv2%2Fcomments&post=78"}],"version-history":[{"count":9,"href":"https:\/\/loiseau-creations.com\/index.php?rest_route=\/wp\/v2\/pages\/78\/revisions"}],"predecessor-version":[{"id":3137,"href":"https:\/\/loiseau-creations.com\/index.php?rest_route=\/wp\/v2\/pages\/78\/revisions\/3137"}],"up":[{"embeddable":true,"href":"https:\/\/loiseau-creations.com\/index.php?rest_route=\/wp\/v2\/pages\/5"}],"wp:attachment":[{"href":"https:\/\/loiseau-creations.com\/index.php?rest_route=%2Fwp%2Fv2%2Fmedia&parent=78"}],"curies":[{"name":"wp","href":"https:\/\/api.w.org\/{rel}","templated":true}]}}