{"id":76,"date":"2022-10-30T15:58:33","date_gmt":"2022-10-30T14:58:33","guid":{"rendered":"http:\/\/loiseau-creations.com\/?page_id=76"},"modified":"2026-03-12T07:55:59","modified_gmt":"2026-03-12T06:55:59","slug":"supports-cartes-de-visite","status":"publish","type":"page","link":"https:\/\/loiseau-creations.com\/?page_id=76","title":{"rendered":"Supports cartes de visite"},"content":{"rendered":"\n<p class=\"has-text-align-center has-black-color has-text-color has-link-color has-small-font-size wp-elements-d17e8bfca549dcf911adf4f1a325cb36\">Pour obtenir des supports de carte de visite pour votre entreprise ou votre besoin personnelle, vous pouvez me contacter en utilisant le bordereau de contact. Nous vous fournirons toutes les informations n\u00e9cessaires. Je travaillerais ensuite sur des designs personnalis\u00e9s et r\u00e9aliserais une maquette au pr\u00e9alable, si cela est faisable.<\/p>\n\n\n\n<p class=\"has-text-align-center has-black-color has-text-color has-link-color has-small-font-size wp-elements-92684470a73fb7b707721dc41e390467\">N&rsquo;h\u00e9sitez pas \u00e0 me faire part de vos id\u00e9es et besoins sp\u00e9cifiques !<\/p>\n\n\n\n<div style=\"height:100px\" aria-hidden=\"true\" class=\"wp-block-spacer\"><\/div>\n\n\n\n\n\n\n<p><\/p>\n","protected":false},"excerpt":{"rendered":"<p>Pour obtenir des supports de carte de visite pour votre entreprise ou votre besoin personnelle, vous pouvez me contacter en utilisant le bordereau de contact. Nous vous fournirons toutes les informations n\u00e9cessaires. Je travaillerais ensuite sur des designs personnalis\u00e9s et r\u00e9aliserais une maquette au pr\u00e9alable, si cela est faisable. N&rsquo;h\u00e9sitez pas \u00e0 me faire part&hellip; <br \/> <a class=\"read-more\" href=\"https:\/\/loiseau-creations.com\/?page_id=76\">Lire la suite<\/a><\/p>\n","protected":false},"author":1,"featured_media":0,"parent":5,"menu_order":0,"comment_status":"closed","ping_status":"closed","template":"","meta":{"footnotes":""},"class_list":["post-76","page","type-page","status-publish","hentry"],"_links":{"self":[{"href":"https:\/\/loiseau-creations.com\/index.php?rest_route=\/wp\/v2\/pages\/76","targetHints":{"allow":["GET"]}}],"collection":[{"href":"https:\/\/loiseau-creations.com\/index.php?rest_route=\/wp\/v2\/pages"}],"about":[{"href":"https:\/\/loiseau-creations.com\/index.php?rest_route=\/wp\/v2\/types\/page"}],"author":[{"embeddable":true,"href":"https:\/\/loiseau-creations.com\/index.php?rest_route=\/wp\/v2\/users\/1"}],"replies":[{"embeddable":true,"href":"https:\/\/loiseau-creations.com\/index.php?rest_route=%2Fwp%2Fv2%2Fcomments&post=76"}],"version-history":[{"count":7,"href":"https:\/\/loiseau-creations.com\/index.php?rest_route=\/wp\/v2\/pages\/76\/revisions"}],"predecessor-version":[{"id":3135,"href":"https:\/\/loiseau-creations.com\/index.php?rest_route=\/wp\/v2\/pages\/76\/revisions\/3135"}],"up":[{"embeddable":true,"href":"https:\/\/loiseau-creations.com\/index.php?rest_route=\/wp\/v2\/pages\/5"}],"wp:attachment":[{"href":"https:\/\/loiseau-creations.com\/index.php?rest_route=%2Fwp%2Fv2%2Fmedia&parent=76"}],"curies":[{"name":"wp","href":"https:\/\/api.w.org\/{rel}","templated":true}]}}