{"id":67,"date":"2022-10-30T15:53:34","date_gmt":"2022-10-30T14:53:34","guid":{"rendered":"http:\/\/loiseau-creations.com\/?page_id=67"},"modified":"2026-03-11T21:17:00","modified_gmt":"2026-03-11T20:17:00","slug":"animaux","status":"publish","type":"page","link":"https:\/\/loiseau-creations.com\/?page_id=67","title":{"rendered":"Animaux"},"content":{"rendered":"\n<div class=\"wp-block-group has-small-font-size\"><div class=\"wp-block-group__inner-container is-layout-constrained wp-block-group-is-layout-constrained\">\n<p class=\"has-text-align-center has-black-color has-text-color has-link-color has-small-font-size wp-elements-187c921203fc15464e51f9d93463e538\">D\u00e9couvrez ma  collection d&rsquo;animaux uniques, con\u00e7us avec passion \u00e0 partir de verre de vitrail, qu&rsquo;il soit translucide, opaque ou semi-opalescent, d&rsquo;\u00e9tain, de ruban de cuivre et de fils de cuivre. Chaque pi\u00e8ce est le fruit d&rsquo;un savoir-faire artisanal, alliant d\u00e9licatesse et cr\u00e9ativit\u00e9.<\/p>\n\n\n\n<p class=\"has-text-align-center has-black-color has-text-color has-link-color has-small-font-size wp-elements-f931ae56a812daf7957997249a6fe6b1\">Chaque animal que je confectionne raconte une histoire, une \u00e9motion singuli\u00e8re. Qu&rsquo;il s&rsquo;agisse d&rsquo;un oiseau color\u00e9, d&rsquo;un \u00e9l\u00e9gant papillon ou d&rsquo;un majestueux hibou, chaque \u0153uvre est une pi\u00e8ce artistique qui apporte une touche de magie \u00e0 votre int\u00e9rieur.<\/p>\n\n\n\n<p class=\"has-text-align-center has-black-color has-text-color has-link-color has-small-font-size wp-elements-82f455a54354ee28026ee15dd44ef193\">Aucun de mes animaux n&rsquo;est identique ; chaque pi\u00e8ce est soigneusement fabriqu\u00e9e \u00e0 la main, garantissant une singularit\u00e9 qui saura s\u00e9duire les amateurs d&rsquo;art et de nature.<\/p>\n\n\n\n<p class=\"has-text-align-center has-black-color has-text-color has-link-color has-small-font-size wp-elements-8972fdcae039e5289caa22d7cb60688a\">Laissez-vous envo\u00fbter par la beaut\u00e9 et l&rsquo;originalit\u00e9 de mes cr\u00e9ations, et ajoutez une note d&rsquo;\u00e9merveillement \u00e0 votre d\u00e9cor.<\/p>\n\n\n\n<p class=\"has-text-align-center has-black-color has-text-color has-link-color has-small-font-size wp-elements-fae1ffb3a47e35ccfb5b12118b76482a\">N\u2019h\u00e9sitez pas \u00e0 explorer l\u2019ensemble de mes cr\u00e9ations en vitrail, o\u00f9 chaque pi\u00e8ce raconte une histoire unique. Pour toute question ou demande d\u2019information suppl\u00e9mentaire, notre formulaire de contact est \u00e0 votre disposition.<\/p>\n\n\n\n<p class=\"has-text-align-center has-black-color has-text-color has-link-color has-small-font-size wp-elements-8225c421492d57b723e1938ed97326b6\">Je vous souhaite  une agr\u00e9able visite sur mon site.<\/p>\n<\/div><\/div>\n\n\n\n<div style=\"height:100px\" aria-hidden=\"true\" class=\"wp-block-spacer\"><\/div>\n\n\n\n<div class=\"wp-block-columns is-layout-flex wp-container-core-columns-is-layout-9d6595d7 wp-block-columns-is-layout-flex\">\n<div class=\"wp-block-column is-layout-flow wp-block-column-is-layout-flow\"><\/div>\n<\/div>\n\n\n\n","protected":false},"excerpt":{"rendered":"<p>D\u00e9couvrez ma collection d&rsquo;animaux uniques, con\u00e7us avec passion \u00e0 partir de verre de vitrail, qu&rsquo;il soit translucide, opaque ou semi-opalescent, d&rsquo;\u00e9tain, de ruban de cuivre et de fils de cuivre. Chaque pi\u00e8ce est le fruit d&rsquo;un savoir-faire artisanal, alliant d\u00e9licatesse et cr\u00e9ativit\u00e9. Chaque animal que je confectionne raconte une histoire, une \u00e9motion singuli\u00e8re. Qu&rsquo;il s&rsquo;agisse&hellip; <br \/> <a class=\"read-more\" href=\"https:\/\/loiseau-creations.com\/?page_id=67\">Lire la suite<\/a><\/p>\n","protected":false},"author":1,"featured_media":0,"parent":5,"menu_order":0,"comment_status":"closed","ping_status":"closed","template":"","meta":{"footnotes":""},"class_list":["post-67","page","type-page","status-publish","hentry"],"_links":{"self":[{"href":"https:\/\/loiseau-creations.com\/index.php?rest_route=\/wp\/v2\/pages\/67","targetHints":{"allow":["GET"]}}],"collection":[{"href":"https:\/\/loiseau-creations.com\/index.php?rest_route=\/wp\/v2\/pages"}],"about":[{"href":"https:\/\/loiseau-creations.com\/index.php?rest_route=\/wp\/v2\/types\/page"}],"author":[{"embeddable":true,"href":"https:\/\/loiseau-creations.com\/index.php?rest_route=\/wp\/v2\/users\/1"}],"replies":[{"embeddable":true,"href":"https:\/\/loiseau-creations.com\/index.php?rest_route=%2Fwp%2Fv2%2Fcomments&post=67"}],"version-history":[{"count":14,"href":"https:\/\/loiseau-creations.com\/index.php?rest_route=\/wp\/v2\/pages\/67\/revisions"}],"predecessor-version":[{"id":3117,"href":"https:\/\/loiseau-creations.com\/index.php?rest_route=\/wp\/v2\/pages\/67\/revisions\/3117"}],"up":[{"embeddable":true,"href":"https:\/\/loiseau-creations.com\/index.php?rest_route=\/wp\/v2\/pages\/5"}],"wp:attachment":[{"href":"https:\/\/loiseau-creations.com\/index.php?rest_route=%2Fwp%2Fv2%2Fmedia&parent=67"}],"curies":[{"name":"wp","href":"https:\/\/api.w.org\/{rel}","templated":true}]}}