{"id":2434,"date":"2025-05-23T21:55:07","date_gmt":"2025-05-23T19:55:07","guid":{"rendered":"https:\/\/loiseau-creations.com\/?page_id=2434"},"modified":"2026-03-12T08:34:18","modified_gmt":"2026-03-12T07:34:18","slug":"bracelets-en-vitrail","status":"publish","type":"page","link":"https:\/\/loiseau-creations.com\/?page_id=2434","title":{"rendered":"Bracelets en Vitrail"},"content":{"rendered":"\n<p class=\"has-text-align-center has-black-color has-text-color has-link-color has-small-font-size wp-elements-4a5c711c24f302a70fdaa0d1b4c38d67\">Bienvenue dans l\u2019univers enchanteur des bijoux en Vitrail !<br>Je vous propose ici des pi\u00e8ces uniques, con\u00e7ues \u00e0 partir de verre de vitrail recycl\u00e9, r\u00e9cup\u00e9r\u00e9 de mes propres chutes de verre. Mon engagement est de minimiser le gaspillage tout en adoptant une d\u00e9marche respectueuse de l\u2019environnement.<\/p>\n\n\n\n<p class=\"has-black-color has-text-color has-link-color has-small-font-size wp-elements-c33212ca3adcb07b8a29f2c3d8ad592d\">Chaque bijou est m\u00e9ticuleusement fa\u00e7onn\u00e9 dans mon atelier situ\u00e9 \u00e0 Yerres, afin de vous offrir des cr\u00e9ations originales et pleines de caract\u00e8re. La technique s\u2019inspire du vitrail Tiffany, avec l\u2019utilisation d\u2019\u00e9tain et de ruban de cuivre pour assembler les \u00e9l\u00e9ments avec finesse.<\/p>\n\n\n\n<p class=\"has-black-color has-text-color has-link-color has-small-font-size wp-elements-8e1bf4c11f263f8afb5b1a29f0146c56\">Les anneaux et fermoirs sont en acier inoxydable, garantissant solidit\u00e9 et durabilit\u00e9 pour une utilisation quotidienne.<\/p>\n\n\n\n<p class=\"has-text-align-center has-black-color has-text-color has-link-color has-small-font-size wp-elements-501033176fb845817f56742b265dff99\">Je vous invite \u00e0 d\u00e9couvrir ces bijoux empreints d\u2019authenticit\u00e9, d&rsquo;artisanat, d&rsquo;\u00e9cologie et d&rsquo;esth\u00e9tique et qui se rencontrent pour cr\u00e9er des pi\u00e8ces uniques et qui sauront, je l&rsquo;esp\u00e8re ,  vous s\u00e9duire.<\/p>\n\n\n\n","protected":false},"excerpt":{"rendered":"<p>Bienvenue dans l\u2019univers enchanteur des bijoux en Vitrail !Je vous propose ici des pi\u00e8ces uniques, con\u00e7ues \u00e0 partir de verre de vitrail recycl\u00e9, r\u00e9cup\u00e9r\u00e9 de mes propres chutes de verre. Mon engagement est de minimiser le gaspillage tout en adoptant une d\u00e9marche respectueuse de l\u2019environnement. Chaque bijou est m\u00e9ticuleusement fa\u00e7onn\u00e9 dans mon atelier situ\u00e9 \u00e0&hellip; <br \/> <a class=\"read-more\" href=\"https:\/\/loiseau-creations.com\/?page_id=2434\">Lire la suite<\/a><\/p>\n","protected":false},"author":1,"featured_media":0,"parent":98,"menu_order":0,"comment_status":"closed","ping_status":"closed","template":"","meta":{"footnotes":""},"class_list":["post-2434","page","type-page","status-publish","hentry"],"_links":{"self":[{"href":"https:\/\/loiseau-creations.com\/index.php?rest_route=\/wp\/v2\/pages\/2434","targetHints":{"allow":["GET"]}}],"collection":[{"href":"https:\/\/loiseau-creations.com\/index.php?rest_route=\/wp\/v2\/pages"}],"about":[{"href":"https:\/\/loiseau-creations.com\/index.php?rest_route=\/wp\/v2\/types\/page"}],"author":[{"embeddable":true,"href":"https:\/\/loiseau-creations.com\/index.php?rest_route=\/wp\/v2\/users\/1"}],"replies":[{"embeddable":true,"href":"https:\/\/loiseau-creations.com\/index.php?rest_route=%2Fwp%2Fv2%2Fcomments&post=2434"}],"version-history":[{"count":6,"href":"https:\/\/loiseau-creations.com\/index.php?rest_route=\/wp\/v2\/pages\/2434\/revisions"}],"predecessor-version":[{"id":3153,"href":"https:\/\/loiseau-creations.com\/index.php?rest_route=\/wp\/v2\/pages\/2434\/revisions\/3153"}],"up":[{"embeddable":true,"href":"https:\/\/loiseau-creations.com\/index.php?rest_route=\/wp\/v2\/pages\/98"}],"wp:attachment":[{"href":"https:\/\/loiseau-creations.com\/index.php?rest_route=%2Fwp%2Fv2%2Fmedia&parent=2434"}],"curies":[{"name":"wp","href":"https:\/\/api.w.org\/{rel}","templated":true}]}}