{"id":1883,"date":"2024-10-04T14:36:01","date_gmt":"2024-10-04T12:36:01","guid":{"rendered":"https:\/\/loiseau-creations.com\/?page_id=1883"},"modified":"2026-03-12T18:48:50","modified_gmt":"2026-03-12T17:48:50","slug":"coupelles","status":"publish","type":"page","link":"https:\/\/loiseau-creations.com\/?page_id=1883","title":{"rendered":"Coupelles"},"content":{"rendered":"\n<p class=\"has-text-align-center has-black-color has-text-color has-link-color has-small-font-size wp-elements-7b801c26c7cbe1c8522202a07be73db7\">D\u00e9couvrez notre magnifique coupelle en verre de vitrail, une pi\u00e8ce d&rsquo;artisanat unique qui allie \u00e9l\u00e9gance et originalit\u00e9. Mesurant 12 cm de diam\u00e8tre, chaque coupelle est soigneusement con\u00e7ue \u00e0 partir de morceaux de verre soigneusement d\u00e9coup\u00e9s et assembl\u00e9s \u00e0 la main.<\/p>\n\n\n\n<p class=\"has-text-align-center has-black-color has-text-color has-link-color has-small-font-size wp-elements-8cbe65270b2966dbdd030861865e2077\">Les verres utilis\u00e9s varient en textures et en couleurs, allant d&rsquo;opacit\u00e9s riches \u00e0 des nuances translucides et semi-opalescentes, cr\u00e9ant un jeu de lumi\u00e8re captivant qui illuminera n&rsquo;importe quel int\u00e9rieur. Le tout est d\u00e9licatement entour\u00e9 d&rsquo;un ruban de cuivre et d&rsquo;\u00e9tain, ajoutant une touche de sophistication et de modernit\u00e9 \u00e0 cette \u0153uvre d&rsquo;art.<\/p>\n\n\n\n<p class=\"has-text-align-center has-black-color has-text-color has-link-color has-small-font-size wp-elements-ab394e9c89c0bb524616daa710586154\">Chaque pi\u00e8ce est unique, reflet du savoir-faire artisanal et de la cr\u00e9ativit\u00e9 qui la caract\u00e9risent. Ajoutez une note d&rsquo;\u00e9l\u00e9gance \u00e0 votre d\u00e9coration , cette coupelle en verre de vitrail est un tr\u00e9sor \u00e0 ch\u00e9rir pour les ann\u00e9es \u00e0 venir.<\/p>\n\n\n\n<p class=\"has-text-align-center has-black-color has-text-color has-link-color has-small-font-size wp-elements-fae1ffb3a47e35ccfb5b12118b76482a\">N\u2019h\u00e9sitez pas \u00e0 explorer l\u2019ensemble de mes cr\u00e9ations en vitrail, o\u00f9 chaque pi\u00e8ce raconte une histoire unique. Pour toute question ou demande d\u2019information suppl\u00e9mentaire, notre formulaire de contact est \u00e0 votre disposition.<\/p>\n\n\n\n<p class=\"has-text-align-center has-black-color has-text-color has-link-color has-small-font-size wp-elements-8225c421492d57b723e1938ed97326b6\">Je vous souhaite  une agr\u00e9able visite sur mon site.<\/p>\n\n\n\n<div style=\"height:100px\" aria-hidden=\"true\" class=\"wp-block-spacer\"><\/div>\n\n\n\n","protected":false},"excerpt":{"rendered":"<p>D\u00e9couvrez notre magnifique coupelle en verre de vitrail, une pi\u00e8ce d&rsquo;artisanat unique qui allie \u00e9l\u00e9gance et originalit\u00e9. Mesurant 12 cm de diam\u00e8tre, chaque coupelle est soigneusement con\u00e7ue \u00e0 partir de morceaux de verre soigneusement d\u00e9coup\u00e9s et assembl\u00e9s \u00e0 la main. Les verres utilis\u00e9s varient en textures et en couleurs, allant d&rsquo;opacit\u00e9s riches \u00e0 des nuances&hellip; <br \/> <a class=\"read-more\" href=\"https:\/\/loiseau-creations.com\/?page_id=1883\">Lire la suite<\/a><\/p>\n","protected":false},"author":1,"featured_media":0,"parent":5,"menu_order":0,"comment_status":"closed","ping_status":"closed","template":"","meta":{"footnotes":""},"class_list":["post-1883","page","type-page","status-publish","hentry"],"_links":{"self":[{"href":"https:\/\/loiseau-creations.com\/index.php?rest_route=\/wp\/v2\/pages\/1883","targetHints":{"allow":["GET"]}}],"collection":[{"href":"https:\/\/loiseau-creations.com\/index.php?rest_route=\/wp\/v2\/pages"}],"about":[{"href":"https:\/\/loiseau-creations.com\/index.php?rest_route=\/wp\/v2\/types\/page"}],"author":[{"embeddable":true,"href":"https:\/\/loiseau-creations.com\/index.php?rest_route=\/wp\/v2\/users\/1"}],"replies":[{"embeddable":true,"href":"https:\/\/loiseau-creations.com\/index.php?rest_route=%2Fwp%2Fv2%2Fcomments&post=1883"}],"version-history":[{"count":6,"href":"https:\/\/loiseau-creations.com\/index.php?rest_route=\/wp\/v2\/pages\/1883\/revisions"}],"predecessor-version":[{"id":3155,"href":"https:\/\/loiseau-creations.com\/index.php?rest_route=\/wp\/v2\/pages\/1883\/revisions\/3155"}],"up":[{"embeddable":true,"href":"https:\/\/loiseau-creations.com\/index.php?rest_route=\/wp\/v2\/pages\/5"}],"wp:attachment":[{"href":"https:\/\/loiseau-creations.com\/index.php?rest_route=%2Fwp%2Fv2%2Fmedia&parent=1883"}],"curies":[{"name":"wp","href":"https:\/\/api.w.org\/{rel}","templated":true}]}}