{"id":1532,"date":"2024-03-31T14:31:11","date_gmt":"2024-03-31T12:31:11","guid":{"rendered":"https:\/\/loiseau-creations.com\/?page_id=1532"},"modified":"2026-03-12T07:42:20","modified_gmt":"2026-03-12T06:42:20","slug":"personnages","status":"publish","type":"page","link":"https:\/\/loiseau-creations.com\/?page_id=1532","title":{"rendered":"Personnages"},"content":{"rendered":"\n<p class=\"has-text-align-center has-black-color has-text-color has-link-color has-small-font-size wp-elements-30ca9c1120232cc97965b15a826b0299\">D\u00e9couvrez ma collection exclusive de personnages en vitrail, chacun r\u00e9alis\u00e9 \u00e0 la main avec un savoir-faire exceptionnel. Chaque pi\u00e8ce est une \u0153uvre d&rsquo;art unique, combinant des morceaux de verre color\u00e9 soigneusement s\u00e9lectionn\u00e9s, un ruban de cuivre qui sert de cadre, et de l&rsquo;\u00e9tain pour une soudure parfaite. Pour ajouter une touche d&rsquo;\u00e9l\u00e9gance, nous utilisons \u00e9galement du fil de cuivre argent\u00e9, qui rehausse la beaut\u00e9 des couleurs et des formes.<\/p>\n\n\n\n<p class=\"has-text-align-center has-black-color has-text-color has-link-color has-small-font-size wp-elements-32c6ec3041b0349e0ae0399148c404af\">Ces personnages en vitrail ne se contentent pas d&#8217;embellir votre int\u00e9rieur ; ils racontent chacun une histoire, capturant des sc\u00e8nes de la vie quotidienne, des moments de bonheur ou des r\u00e9cits fantastiques. Chaque d\u00e9tail est minutieusement pens\u00e9 et ex\u00e9cut\u00e9, du choix des teintes de verre \u00e0 la pr\u00e9cision de l&rsquo;assemblage.<\/p>\n\n\n\n<p class=\"has-text-align-center has-black-color has-text-color has-link-color has-small-font-size wp-elements-686cdf1c4375a14814664c946ba948d5\">Que vous soyez passionn\u00e9 d&rsquo;art, amateur de d\u00e9coration int\u00e9rieure ou \u00e0 la recherche d&rsquo;un cadeau unique, ces cr\u00e9ations artisanales sauront s\u00e9duire par leur originalit\u00e9 et leur charme intemporel. Ajoutez une touche de magie \u00e0 votre espace avec un personnage en vitrail qui illuminera vos journ\u00e9es et enchantera vos soir\u00e9es.<\/p>\n\n\n\n<p class=\"has-text-align-center has-black-color has-text-color has-link-color has-small-font-size wp-elements-d2551667cacd441902b29891d22f5358\">N\u2019h\u00e9sitez pas \u00e0 explorer l\u2019ensemble de nos cr\u00e9ations en vitrail. Pour toute question ou demande d\u2019information suppl\u00e9mentaire, notre formulaire de contact est \u00e0 votre disposition.<\/p>\n\n\n\n<p class=\"has-text-align-center has-black-color has-text-color has-link-color has-small-font-size wp-elements-8225c421492d57b723e1938ed97326b6\">Je vous souhaite  une agr\u00e9able visite sur mon site.<\/p>\n\n\n\n<div style=\"height:100px\" aria-hidden=\"true\" class=\"wp-block-spacer\"><\/div>\n\n\n\n","protected":false},"excerpt":{"rendered":"<p>D\u00e9couvrez ma collection exclusive de personnages en vitrail, chacun r\u00e9alis\u00e9 \u00e0 la main avec un savoir-faire exceptionnel. Chaque pi\u00e8ce est une \u0153uvre d&rsquo;art unique, combinant des morceaux de verre color\u00e9 soigneusement s\u00e9lectionn\u00e9s, un ruban de cuivre qui sert de cadre, et de l&rsquo;\u00e9tain pour une soudure parfaite. Pour ajouter une touche d&rsquo;\u00e9l\u00e9gance, nous utilisons \u00e9galement&hellip; <br \/> <a class=\"read-more\" href=\"https:\/\/loiseau-creations.com\/?page_id=1532\">Lire la suite<\/a><\/p>\n","protected":false},"author":1,"featured_media":0,"parent":5,"menu_order":0,"comment_status":"closed","ping_status":"closed","template":"","meta":{"footnotes":""},"class_list":["post-1532","page","type-page","status-publish","hentry"],"_links":{"self":[{"href":"https:\/\/loiseau-creations.com\/index.php?rest_route=\/wp\/v2\/pages\/1532","targetHints":{"allow":["GET"]}}],"collection":[{"href":"https:\/\/loiseau-creations.com\/index.php?rest_route=\/wp\/v2\/pages"}],"about":[{"href":"https:\/\/loiseau-creations.com\/index.php?rest_route=\/wp\/v2\/types\/page"}],"author":[{"embeddable":true,"href":"https:\/\/loiseau-creations.com\/index.php?rest_route=\/wp\/v2\/users\/1"}],"replies":[{"embeddable":true,"href":"https:\/\/loiseau-creations.com\/index.php?rest_route=%2Fwp%2Fv2%2Fcomments&post=1532"}],"version-history":[{"count":6,"href":"https:\/\/loiseau-creations.com\/index.php?rest_route=\/wp\/v2\/pages\/1532\/revisions"}],"predecessor-version":[{"id":3130,"href":"https:\/\/loiseau-creations.com\/index.php?rest_route=\/wp\/v2\/pages\/1532\/revisions\/3130"}],"up":[{"embeddable":true,"href":"https:\/\/loiseau-creations.com\/index.php?rest_route=\/wp\/v2\/pages\/5"}],"wp:attachment":[{"href":"https:\/\/loiseau-creations.com\/index.php?rest_route=%2Fwp%2Fv2%2Fmedia&parent=1532"}],"curies":[{"name":"wp","href":"https:\/\/api.w.org\/{rel}","templated":true}]}}