{"id":1490,"date":"2024-03-31T13:30:04","date_gmt":"2024-03-31T11:30:04","guid":{"rendered":"https:\/\/loiseau-creations.com\/?page_id=1490"},"modified":"2026-03-12T08:23:29","modified_gmt":"2026-03-12T07:23:29","slug":"boites-a-bijoux","status":"publish","type":"page","link":"https:\/\/loiseau-creations.com\/?page_id=1490","title":{"rendered":"Bo\u00eetes \u00e0 Bijoux"},"content":{"rendered":"\n<p class=\"has-text-align-center has-black-color has-text-color has-link-color has-small-font-size wp-elements-ba590f349ead3f221d9abd7ae395400e\">D\u00e9couvrez ma collection exclusive de bo\u00eetes \u00e0 bijoux, chaque pi\u00e8ce \u00e9tant r\u00e9alis\u00e9e avec un soin et une passion in\u00e9gal\u00e9s. Fabriqu\u00e9es \u00e0 partir de verre de vitrail, de ruban de cuivre et d&rsquo;\u00e9tain, ces bo\u00eetes allient \u00e9l\u00e9gance et originalit\u00e9.<\/p>\n\n\n\n<p class=\"has-text-align-center has-black-color has-text-color has-link-color has-small-font-size wp-elements-ab2e9f6e79085eb266917d452b37403c\">Chaque bo\u00eete est dot\u00e9e d&rsquo;un m\u00e9canisme d&rsquo;ouverture astucieux, con\u00e7u par l&rsquo;Oiseau Cr\u00e9ations, qui permet d&rsquo;acc\u00e9der facilement \u00e0 vos tr\u00e9sors. Que vous souhaitiez y ranger vos bijoux ou simplement l&rsquo;utiliser comme objet d\u00e9coratif, chaque bo\u00eete est une \u0153uvre d&rsquo;art unique qui saura sublimer n&rsquo;importe quel int\u00e9rieur.<\/p>\n\n\n\n<p class=\"has-text-align-center has-black-color has-text-color has-link-color has-small-font-size wp-elements-35e3e26262c997c8718a6280f480b074\">Laissez-vous s\u00e9duire par la beaut\u00e9 et l&rsquo;authenticit\u00e9 de mes  cr\u00e9ations. Chaque bo\u00eete est une pi\u00e8ce unique, reflet de l&rsquo;artisanat d&rsquo;exception et de l&rsquo;amour du d\u00e9tail.<\/p>\n\n\n\n<p class=\"has-text-align-center has-black-color has-text-color has-link-color has-small-font-size wp-elements-7d76b74fb46b00a9c26d61e8ff62573a\">N\u2019h\u00e9sitez pas \u00e0 explorer l\u2019ensemble de mes bijoux et cr\u00e9ations en vitrail, o\u00f9 chaque pi\u00e8ce raconte une histoire unique. Pour toute question ou demande d\u2019information suppl\u00e9mentaire, notre formulaire de contact est \u00e0 votre disposition.<\/p>\n\n\n\n<p class=\"has-text-align-center has-black-color has-text-color has-link-color has-small-font-size wp-elements-8a956e1306522b356fc0c15192fa86da\">Nous vous souhaitons une agr\u00e9able visite <\/p>\n\n\n\n<div style=\"height:100px\" aria-hidden=\"true\" class=\"wp-block-spacer\"><\/div>\n\n\n\n","protected":false},"excerpt":{"rendered":"<p>D\u00e9couvrez ma collection exclusive de bo\u00eetes \u00e0 bijoux, chaque pi\u00e8ce \u00e9tant r\u00e9alis\u00e9e avec un soin et une passion in\u00e9gal\u00e9s. Fabriqu\u00e9es \u00e0 partir de verre de vitrail, de ruban de cuivre et d&rsquo;\u00e9tain, ces bo\u00eetes allient \u00e9l\u00e9gance et originalit\u00e9. Chaque bo\u00eete est dot\u00e9e d&rsquo;un m\u00e9canisme d&rsquo;ouverture astucieux, con\u00e7u par l&rsquo;Oiseau Cr\u00e9ations, qui permet d&rsquo;acc\u00e9der facilement \u00e0&hellip; <br \/> <a class=\"read-more\" href=\"https:\/\/loiseau-creations.com\/?page_id=1490\">Lire la suite<\/a><\/p>\n","protected":false},"author":1,"featured_media":0,"parent":0,"menu_order":4,"comment_status":"closed","ping_status":"closed","template":"","meta":{"footnotes":""},"class_list":["post-1490","page","type-page","status-publish","hentry"],"_links":{"self":[{"href":"https:\/\/loiseau-creations.com\/index.php?rest_route=\/wp\/v2\/pages\/1490","targetHints":{"allow":["GET"]}}],"collection":[{"href":"https:\/\/loiseau-creations.com\/index.php?rest_route=\/wp\/v2\/pages"}],"about":[{"href":"https:\/\/loiseau-creations.com\/index.php?rest_route=\/wp\/v2\/types\/page"}],"author":[{"embeddable":true,"href":"https:\/\/loiseau-creations.com\/index.php?rest_route=\/wp\/v2\/users\/1"}],"replies":[{"embeddable":true,"href":"https:\/\/loiseau-creations.com\/index.php?rest_route=%2Fwp%2Fv2%2Fcomments&post=1490"}],"version-history":[{"count":20,"href":"https:\/\/loiseau-creations.com\/index.php?rest_route=\/wp\/v2\/pages\/1490\/revisions"}],"predecessor-version":[{"id":3147,"href":"https:\/\/loiseau-creations.com\/index.php?rest_route=\/wp\/v2\/pages\/1490\/revisions\/3147"}],"wp:attachment":[{"href":"https:\/\/loiseau-creations.com\/index.php?rest_route=%2Fwp%2Fv2%2Fmedia&parent=1490"}],"curies":[{"name":"wp","href":"https:\/\/api.w.org\/{rel}","templated":true}]}}