{"id":13,"date":"2022-10-30T13:49:22","date_gmt":"2022-10-30T12:49:22","guid":{"rendered":"http:\/\/loiseau-creations.com\/?page_id=13"},"modified":"2026-03-12T08:18:21","modified_gmt":"2026-03-12T07:18:21","slug":"miroirs","status":"publish","type":"page","link":"https:\/\/loiseau-creations.com\/?page_id=13","title":{"rendered":"Miroirs"},"content":{"rendered":"\n<p class=\"has-text-align-center has-black-color has-text-color has-link-color has-small-font-size wp-elements-00ddaf5b847d14c88070e8e80c2d3c37\">Apportez une touche de sophistication \u00e0 votre int\u00e9rieur avec notre miroir rond exceptionnel. Con\u00e7u avec un contour en verre de vitrail, chaque pi\u00e8ce est soigneusement assembl\u00e9e \u00e0 l&rsquo;aide de soudures \u00e0 l&rsquo;\u00e9tain, garantissant une finition de haute qualit\u00e9. Nos miroirs sont orn\u00e9s de motifs d\u00e9licatement dessin\u00e9s et d\u00e9coup\u00e9s, offrant un rendu final harmonieux qui s&rsquo;int\u00e8gre parfaitement \u00e0 tout style de d\u00e9coration.<\/p>\n\n\n\n<p class=\"has-text-align-center has-black-color has-text-color has-link-color has-small-font-size wp-elements-180f7fc7a245fb001d6bd28948cab064\">Nous savons que chaque espace est unique, c&rsquo;est pourquoi je propose \u00e9galement un service de cr\u00e9ation sur mesure. Partagez vos id\u00e9es avec moi et transformez votre vision en r\u00e9alit\u00e9 avec un miroir qui vous ressemble.<\/p>\n\n\n\n<p class=\"has-text-align-center has-black-color has-text-color has-link-color has-small-font-size wp-elements-d0d5b287ff03455b18e320ec6e985ec4\">\u00c9levez votre d\u00e9coration int\u00e9rieure avec notre miroir rond, un v\u00e9ritable chef-d&rsquo;\u0153uvre d&rsquo;artisanat qui allie beaut\u00e9 et fonctionnalit\u00e9.<\/p>\n\n\n\n<p class=\"has-text-align-center has-black-color has-text-color has-link-color has-small-font-size wp-elements-35b4cc45911f68157958ab315e26f285\">N\u2019h\u00e9sitez pas \u00e0 explorer l\u2019ensemble de mes cr\u00e9ations en vitrail.  Pour toute question ou demande d\u2019information suppl\u00e9mentaire, notre formulaire de contact est \u00e0 votre disposition.<\/p>\n\n\n\n<p class=\"has-text-align-center has-black-color has-text-color has-link-color has-small-font-size wp-elements-612cf43012f10c2e52bc6ba3f91002bb\">Nous vous souhaitons une agr\u00e9able visite sur notre site.<\/p>\n\n\n\n<div style=\"height:100px\" aria-hidden=\"true\" class=\"wp-block-spacer\"><\/div>\n\n\n\n\n\n\n<p><\/p>\n","protected":false},"excerpt":{"rendered":"<p>Apportez une touche de sophistication \u00e0 votre int\u00e9rieur avec notre miroir rond exceptionnel. Con\u00e7u avec un contour en verre de vitrail, chaque pi\u00e8ce est soigneusement assembl\u00e9e \u00e0 l&rsquo;aide de soudures \u00e0 l&rsquo;\u00e9tain, garantissant une finition de haute qualit\u00e9. Nos miroirs sont orn\u00e9s de motifs d\u00e9licatement dessin\u00e9s et d\u00e9coup\u00e9s, offrant un rendu final harmonieux qui s&rsquo;int\u00e8gre&hellip; <br \/> <a class=\"read-more\" href=\"https:\/\/loiseau-creations.com\/?page_id=13\">Lire la suite<\/a><\/p>\n","protected":false},"author":1,"featured_media":0,"parent":0,"menu_order":3,"comment_status":"closed","ping_status":"closed","template":"","meta":{"footnotes":""},"class_list":["post-13","page","type-page","status-publish","hentry"],"_links":{"self":[{"href":"https:\/\/loiseau-creations.com\/index.php?rest_route=\/wp\/v2\/pages\/13","targetHints":{"allow":["GET"]}}],"collection":[{"href":"https:\/\/loiseau-creations.com\/index.php?rest_route=\/wp\/v2\/pages"}],"about":[{"href":"https:\/\/loiseau-creations.com\/index.php?rest_route=\/wp\/v2\/types\/page"}],"author":[{"embeddable":true,"href":"https:\/\/loiseau-creations.com\/index.php?rest_route=\/wp\/v2\/users\/1"}],"replies":[{"embeddable":true,"href":"https:\/\/loiseau-creations.com\/index.php?rest_route=%2Fwp%2Fv2%2Fcomments&post=13"}],"version-history":[{"count":9,"href":"https:\/\/loiseau-creations.com\/index.php?rest_route=\/wp\/v2\/pages\/13\/revisions"}],"predecessor-version":[{"id":3144,"href":"https:\/\/loiseau-creations.com\/index.php?rest_route=\/wp\/v2\/pages\/13\/revisions\/3144"}],"wp:attachment":[{"href":"https:\/\/loiseau-creations.com\/index.php?rest_route=%2Fwp%2Fv2%2Fmedia&parent=13"}],"curies":[{"name":"wp","href":"https:\/\/api.w.org\/{rel}","templated":true}]}}