{"id":122,"date":"2022-10-30T16:27:05","date_gmt":"2022-10-30T15:27:05","guid":{"rendered":"http:\/\/loiseau-creations.com\/?page_id=122"},"modified":"2025-03-14T17:05:40","modified_gmt":"2025-03-14T16:05:40","slug":"parrures","status":"publish","type":"page","link":"https:\/\/loiseau-creations.com\/?page_id=122","title":{"rendered":"Parrures"},"content":{"rendered":"\n<div class=\"rl-gallery-container rl-loading\" id=\"rl-gallery-container-1\" data-gallery_id=\"127\"> <div class=\"rl-gallery rl-basicmasonry-gallery \" id=\"rl-gallery-1\" data-gallery_no=\"1\"> <div class=\"rl-gutter-sizer\"><\/div><div class=\"rl-grid-sizer\"><\/div> <div class=\"rl-gallery-item rl-gallery-item-width-4\" > <div class=\"rl-gallery-item-content\"> <a href=\"https:\/\/loiseau-creations.com\/wp-content\/uploads\/2022\/10\/IMG_1287-473x1024.jpg\" title=\"\" data-rl_title=\"\" class=\"rl-gallery-link\" data-rl_caption=\"\" data-rel=\"lightbox-gallery-bGlnaHRib3gtZ2FsbGVyeS0x\" data-rl_title=\"\" data-rl_caption=\"\" data-magnific_type=\"gallery\"><img loading=\"lazy\" decoding=\"async\" src=\"https:\/\/loiseau-creations.com\/wp-content\/uploads\/2022\/10\/IMG_1287-473x1024.jpg\" width=\"473\" height=\"1024\" alt=\"\" \/><span class=\"rl-gallery-caption\"><span class=\"rl-gallery-item-title\">Parure &quot;&quot; Peint \u00e0 la Main et \u0152il de Tigre R\u00e9f : PARUR012<\/span><span class=\"rl-gallery-item-caption\">Prix : 85 \u20ac<\/span><\/span><\/a> <\/div> <\/div> <div class=\"rl-gallery-item\" > <div class=\"rl-gallery-item-content\"> <a href=\"https:\/\/loiseau-creations.com\/wp-content\/uploads\/2022\/10\/IMG_1247-473x1024.jpg\" title=\"\" data-rl_title=\"\" class=\"rl-gallery-link\" data-rl_caption=\"\" data-rel=\"lightbox-gallery-bGlnaHRib3gtZ2FsbGVyeS0x\" data-rl_title=\"\" data-rl_caption=\"\" data-magnific_type=\"gallery\"><img loading=\"lazy\" decoding=\"async\" src=\"https:\/\/loiseau-creations.com\/wp-content\/uploads\/2022\/10\/IMG_1247-473x1024.jpg\" width=\"473\" height=\"1024\" alt=\"\" \/><span class=\"rl-gallery-caption\"><span class=\"rl-gallery-item-title\">Parure &quot;Minuit Ecarlate&quot; Peint \u00e0 la Main et Obsidienne R\u00e9f : PARUR011<\/span><span class=\"rl-gallery-item-caption\">Vendu<\/span><\/span><\/a> <\/div> <\/div> <div class=\"rl-gallery-item\" > <div class=\"rl-gallery-item-content\"> <a href=\"https:\/\/loiseau-creations.com\/wp-content\/uploads\/2022\/10\/IMG_1298-473x1024.jpg\" title=\"\" data-rl_title=\"\" class=\"rl-gallery-link\" data-rl_caption=\"\" data-rel=\"lightbox-gallery-bGlnaHRib3gtZ2FsbGVyeS0x\" data-rl_title=\"\" data-rl_caption=\"\" data-magnific_type=\"gallery\"><img loading=\"lazy\" decoding=\"async\" src=\"https:\/\/loiseau-creations.com\/wp-content\/uploads\/2022\/10\/IMG_1298-473x1024.jpg\" width=\"473\" height=\"1024\" alt=\"\" \/><span class=\"rl-gallery-caption\"><span class=\"rl-gallery-item-title\">Parure &quot;Ombre Marbr\u00e9 &quot; Peint \u00e0 la Main, Cristal , Obsidiennes, Coquillage R\u00e9f : PARUR010<\/span><span class=\"rl-gallery-item-caption\">Prix : 85 \u20ac<\/span><\/span><\/a> <\/div> <\/div> <div class=\"rl-gallery-item\" > <div class=\"rl-gallery-item-content\"> <a href=\"https:\/\/loiseau-creations.com\/wp-content\/uploads\/2022\/10\/IMG_1244-731x1024.jpg\" title=\"\" data-rl_title=\"\" class=\"rl-gallery-link\" data-rl_caption=\"\" data-rel=\"lightbox-gallery-bGlnaHRib3gtZ2FsbGVyeS0x\" data-rl_title=\"\" data-rl_caption=\"\" data-magnific_type=\"gallery\"><img loading=\"lazy\" decoding=\"async\" src=\"https:\/\/loiseau-creations.com\/wp-content\/uploads\/2022\/10\/IMG_1244-731x1024.jpg\" width=\"731\" height=\"1024\" alt=\"\" \/><span class=\"rl-gallery-caption\"><span class=\"rl-gallery-item-title\">Parure &quot;Feuillage Dor\u00e9&quot; Peint \u00e0 la Main et P\u00e9ridot R\u00e9f : PARUR009<\/span><span class=\"rl-gallery-item-caption\">Prix : 85 \u20ac<\/span><\/span><\/a> <\/div> <\/div> <div class=\"rl-gallery-item\" > <div class=\"rl-gallery-item-content\"> <a href=\"https:\/\/loiseau-creations.com\/wp-content\/uploads\/2022\/10\/IMG_1300-473x1024.jpg\" title=\"\" data-rl_title=\"\" class=\"rl-gallery-link\" data-rl_caption=\"\" data-rel=\"lightbox-gallery-bGlnaHRib3gtZ2FsbGVyeS0x\" data-rl_title=\"\" data-rl_caption=\"\" data-magnific_type=\"gallery\"><img loading=\"lazy\" decoding=\"async\" src=\"https:\/\/loiseau-creations.com\/wp-content\/uploads\/2022\/10\/IMG_1300-473x1024.jpg\" width=\"473\" height=\"1024\" alt=\"\" \/><span class=\"rl-gallery-caption\"><span class=\"rl-gallery-item-title\">Parure Teint\u00e9 &quot;Rose intense&quot; R\u00e9f : PARUR008<\/span><span class=\"rl-gallery-item-caption\">Prix : 48 \u20ac<\/span><\/span><\/a> <\/div> <\/div> <div class=\"rl-gallery-item\" > <div class=\"rl-gallery-item-content\"> <a href=\"https:\/\/loiseau-creations.com\/wp-content\/uploads\/2022\/10\/IMG_1302-473x1024.jpg\" title=\"\" data-rl_title=\"\" class=\"rl-gallery-link\" data-rl_caption=\"\" data-rel=\"lightbox-gallery-bGlnaHRib3gtZ2FsbGVyeS0x\" data-rl_title=\"\" data-rl_caption=\"\" data-magnific_type=\"gallery\"><img loading=\"lazy\" decoding=\"async\" src=\"https:\/\/loiseau-creations.com\/wp-content\/uploads\/2022\/10\/IMG_1302-473x1024.jpg\" width=\"473\" height=\"1024\" alt=\"\" \/><span class=\"rl-gallery-caption\"><span class=\"rl-gallery-item-title\">Parure&quot; Rose dor\u00e9&quot; Peint \u00e0 la Main R\u00e9f : PARUR007<\/span><span class=\"rl-gallery-item-caption\">Prix : 48 \u20ac<\/span><\/span><\/a> <\/div> <\/div> <div class=\"rl-gallery-item\" > <div class=\"rl-gallery-item-content\"> <a href=\"https:\/\/loiseau-creations.com\/wp-content\/uploads\/2022\/10\/IMG_9736-697x1024.jpg\" title=\"\" data-rl_title=\"\" class=\"rl-gallery-link\" data-rl_caption=\"\" data-rel=\"lightbox-gallery-bGlnaHRib3gtZ2FsbGVyeS0x\" data-rl_title=\"\" data-rl_caption=\"\" data-magnific_type=\"gallery\"><img loading=\"lazy\" decoding=\"async\" src=\"https:\/\/loiseau-creations.com\/wp-content\/uploads\/2022\/10\/IMG_9736-697x1024.jpg\" width=\"697\" height=\"1024\" alt=\"\" \/><span class=\"rl-gallery-caption\"><span class=\"rl-gallery-item-title\">Parure &quot;Luna Rose&quot; Peint \u00e0 la Main R\u00e9f : PARUR006<\/span><span class=\"rl-gallery-item-caption\">Prix : 50\u20ac<\/span><\/span><\/a> <\/div> <\/div> <div class=\"rl-gallery-item\" > <div class=\"rl-gallery-item-content\"> <a href=\"https:\/\/loiseau-creations.com\/wp-content\/uploads\/2022\/10\/IMG_9732.jpg\" title=\"\" data-rl_title=\"\" class=\"rl-gallery-link\" data-rl_caption=\"\" data-rel=\"lightbox-gallery-bGlnaHRib3gtZ2FsbGVyeS0x\" data-rl_title=\"\" data-rl_caption=\"\" data-magnific_type=\"gallery\"><img loading=\"lazy\" decoding=\"async\" src=\"https:\/\/loiseau-creations.com\/wp-content\/uploads\/2022\/10\/IMG_9732.jpg\" width=\"704\" height=\"964\" alt=\"\" \/><span class=\"rl-gallery-caption\"><span class=\"rl-gallery-item-title\">Parure &quot;Ombre de Flamme&quot; Peint \u00e0 la Main R\u00e9f : PARUR005<\/span><span class=\"rl-gallery-item-caption\">Prix : 50 \u20ac<\/span><\/span><\/a> <\/div> <\/div> <div class=\"rl-gallery-item\" > <div class=\"rl-gallery-item-content\"> <a href=\"https:\/\/loiseau-creations.com\/wp-content\/uploads\/2022\/10\/IMG_9723.jpg\" title=\"\" data-rl_title=\"\" class=\"rl-gallery-link\" data-rl_caption=\"\" data-rel=\"lightbox-gallery-bGlnaHRib3gtZ2FsbGVyeS0x\" data-rl_title=\"\" data-rl_caption=\"\" data-magnific_type=\"gallery\"><img loading=\"lazy\" decoding=\"async\" src=\"https:\/\/loiseau-creations.com\/wp-content\/uploads\/2022\/10\/IMG_9723.jpg\" width=\"678\" height=\"1019\" alt=\"\" \/><span class=\"rl-gallery-caption\"><span class=\"rl-gallery-item-title\">Parure&quot; Ombre de Flamme &quot;Peint \u00e0 la Main R\u00e9f : PARUR004<\/span><span class=\"rl-gallery-item-caption\">Prix : 65\u20ac<\/span><\/span><\/a> <\/div> <\/div> <div class=\"rl-gallery-item\" > <div class=\"rl-gallery-item-content\"> <a href=\"https:\/\/loiseau-creations.com\/wp-content\/uploads\/2022\/10\/IMG_9670-686x1024.jpg\" title=\"\" data-rl_title=\"\" class=\"rl-gallery-link\" data-rl_caption=\"\" data-rel=\"lightbox-gallery-bGlnaHRib3gtZ2FsbGVyeS0x\" data-rl_title=\"\" data-rl_caption=\"\" data-magnific_type=\"gallery\"><img loading=\"lazy\" decoding=\"async\" src=\"https:\/\/loiseau-creations.com\/wp-content\/uploads\/2022\/10\/IMG_9670-686x1024.jpg\" width=\"686\" height=\"1024\" alt=\"\" \/><span class=\"rl-gallery-caption\"><span class=\"rl-gallery-item-title\">Parure&quot; Nuage &quot;Peint \u00e0 la Main R\u00e9f : PARUR003<\/span><span class=\"rl-gallery-item-caption\">Prix : 50 \u20ac<\/span><\/span><\/a> <\/div> <\/div> <div class=\"rl-gallery-item\" > <div class=\"rl-gallery-item-content\"> <a href=\"https:\/\/loiseau-creations.com\/wp-content\/uploads\/2022\/10\/IMG_9697-535x1024.jpg\" title=\"\" data-rl_title=\"\" class=\"rl-gallery-link\" data-rl_caption=\"\" data-rel=\"lightbox-gallery-bGlnaHRib3gtZ2FsbGVyeS0x\" data-rl_title=\"\" data-rl_caption=\"\" data-magnific_type=\"gallery\"><img loading=\"lazy\" decoding=\"async\" src=\"https:\/\/loiseau-creations.com\/wp-content\/uploads\/2022\/10\/IMG_9697-535x1024.jpg\" width=\"535\" height=\"1024\" alt=\"\" \/><span class=\"rl-gallery-caption\"><span class=\"rl-gallery-item-title\">Parure&quot; Lueur Min\u00e9rale&quot; Peint \u00e0 la Main R\u00e9f : PARUR002<\/span><span class=\"rl-gallery-item-caption\">Prix : 65 \u20ac<\/span><\/span><\/a> <\/div> <\/div> <div class=\"rl-gallery-item\" > <div class=\"rl-gallery-item-content\"> <a href=\"https:\/\/loiseau-creations.com\/wp-content\/uploads\/2022\/10\/IMG_9701-551x1024.jpg\" title=\"\" data-rl_title=\"\" class=\"rl-gallery-link\" data-rl_caption=\"\" data-rel=\"lightbox-gallery-bGlnaHRib3gtZ2FsbGVyeS0x\" data-rl_title=\"\" data-rl_caption=\"\" data-magnific_type=\"gallery\"><img loading=\"lazy\" decoding=\"async\" src=\"https:\/\/loiseau-creations.com\/wp-content\/uploads\/2022\/10\/IMG_9701-551x1024.jpg\" width=\"551\" height=\"1024\" alt=\"\" \/><span class=\"rl-gallery-caption\"><span class=\"rl-gallery-item-title\">Parure&quot; Florale &quot;Peint \u00e0 la Main R\u00e9f : PARUR001<\/span><span class=\"rl-gallery-item-caption\">Prix : 69 \u20ac (Vendu)<\/span><\/span><\/a> <\/div> <\/div> <\/div> <\/div>\n","protected":false},"excerpt":{"rendered":"","protected":false},"author":1,"featured_media":0,"parent":2078,"menu_order":0,"comment_status":"closed","ping_status":"closed","template":"","meta":{"footnotes":""},"class_list":["post-122","page","type-page","status-publish","hentry"],"_links":{"self":[{"href":"https:\/\/loiseau-creations.com\/index.php?rest_route=\/wp\/v2\/pages\/122","targetHints":{"allow":["GET"]}}],"collection":[{"href":"https:\/\/loiseau-creations.com\/index.php?rest_route=\/wp\/v2\/pages"}],"about":[{"href":"https:\/\/loiseau-creations.com\/index.php?rest_route=\/wp\/v2\/types\/page"}],"author":[{"embeddable":true,"href":"https:\/\/loiseau-creations.com\/index.php?rest_route=\/wp\/v2\/users\/1"}],"replies":[{"embeddable":true,"href":"https:\/\/loiseau-creations.com\/index.php?rest_route=%2Fwp%2Fv2%2Fcomments&post=122"}],"version-history":[{"count":2,"href":"https:\/\/loiseau-creations.com\/index.php?rest_route=\/wp\/v2\/pages\/122\/revisions"}],"predecessor-version":[{"id":519,"href":"https:\/\/loiseau-creations.com\/index.php?rest_route=\/wp\/v2\/pages\/122\/revisions\/519"}],"up":[{"embeddable":true,"href":"https:\/\/loiseau-creations.com\/index.php?rest_route=\/wp\/v2\/pages\/2078"}],"wp:attachment":[{"href":"https:\/\/loiseau-creations.com\/index.php?rest_route=%2Fwp%2Fv2%2Fmedia&parent=122"}],"curies":[{"name":"wp","href":"https:\/\/api.w.org\/{rel}","templated":true}]}}