{"id":11,"date":"2022-10-30T13:48:31","date_gmt":"2022-10-30T12:48:31","guid":{"rendered":"http:\/\/loiseau-creations.com\/?page_id=11"},"modified":"2026-03-12T08:15:32","modified_gmt":"2026-03-12T07:15:32","slug":"lampes","status":"publish","type":"page","link":"https:\/\/loiseau-creations.com\/?page_id=11","title":{"rendered":"Lampes"},"content":{"rendered":"\n<div class=\"wp-block-columns is-layout-flex wp-container-core-columns-is-layout-9d6595d7 wp-block-columns-is-layout-flex\">\n<div class=\"wp-block-column is-layout-flow wp-block-column-is-layout-flow\" style=\"flex-basis:100%\">\n<p class=\"has-text-align-center has-black-color has-text-color has-link-color has-small-font-size wp-elements-cb190e8b92bbb0a5bd8f42222d4c8f89\">D\u00e9couvrez l&rsquo;\u00e9l\u00e9gance intemporelle de mes lampes en vitrail, r\u00e9alis\u00e9es \u00e0 la main avec un soin m\u00e9ticuleux. Chaque pi\u00e8ce est unique, fruit d&rsquo;un travail passionn\u00e9 et d&rsquo;un savoir-faire artisanal. Les pieds de mes lampes sont soigneusement chin\u00e9s, leur offrant une seconde vie tout en ajoutant une touche vintage et authentique \u00e0 votre int\u00e9rieur.<\/p>\n\n\n\n<p class=\"has-text-align-center has-black-color has-text-color has-link-color has-small-font-size wp-elements-b23eb501a067bb78bab831f4fe4ccebf\">Les abat-jour, cr\u00e9\u00e9s \u00e0 la main, sont con\u00e7us avec une attention particuli\u00e8re aux d\u00e9tails. Chaque motif et couleur est \u00e9tudi\u00e9 pour s&rsquo;harmoniser parfaitement avec le pied de lampe, cr\u00e9ant ainsi une \u0153uvre d&rsquo;art compl\u00e8te qui illuminera votre espace avec chaleur et style.<\/p>\n\n\n\n<p class=\"has-text-align-center has-black-color has-text-color has-link-color has-small-font-size wp-elements-28f8615f00ab334150eb2c26ed5bd97f\">Chaque lampe est bien plus qu&rsquo;un simple \u00e9clairage ; c&rsquo;est une pi\u00e8ce ma\u00eetresse qui \u00e9voque la beaut\u00e9 du fait main et l&rsquo;importance de la durabilit\u00e9. <\/p>\n\n\n\n<p class=\"has-text-align-center has-black-color has-text-color has-link-color has-small-font-size wp-elements-5c6f911ba0c95862466686503556e27c\">N\u2019h\u00e9sitez pas \u00e0 explorer l\u2019ensemble de mes cr\u00e9ations, o\u00f9 chaque pi\u00e8ce raconte une histoire unique. Pour toute question ou demande d\u2019information suppl\u00e9mentaire, notre formulaire de contact est \u00e0 votre disposition.<\/p>\n\n\n\n<p class=\"has-text-align-center has-black-color has-text-color has-link-color has-small-font-size wp-elements-612cf43012f10c2e52bc6ba3f91002bb\">Nous vous souhaitons une agr\u00e9able visite sur notre site.<\/p>\n\n\n\n<div style=\"height:100px\" aria-hidden=\"true\" class=\"wp-block-spacer\"><\/div>\n<\/div>\n<\/div>\n\n\n\n<div style=\"height:0px\" aria-hidden=\"true\" class=\"wp-block-spacer\"><\/div>\n\n\n\n\n\n\n<p><\/p>\n","protected":false},"excerpt":{"rendered":"<p>D\u00e9couvrez l&rsquo;\u00e9l\u00e9gance intemporelle de mes lampes en vitrail, r\u00e9alis\u00e9es \u00e0 la main avec un soin m\u00e9ticuleux. Chaque pi\u00e8ce est unique, fruit d&rsquo;un travail passionn\u00e9 et d&rsquo;un savoir-faire artisanal. Les pieds de mes lampes sont soigneusement chin\u00e9s, leur offrant une seconde vie tout en ajoutant une touche vintage et authentique \u00e0 votre int\u00e9rieur. Les abat-jour, cr\u00e9\u00e9s&hellip; <br \/> <a class=\"read-more\" href=\"https:\/\/loiseau-creations.com\/?page_id=11\">Lire la suite<\/a><\/p>\n","protected":false},"author":1,"featured_media":0,"parent":0,"menu_order":2,"comment_status":"closed","ping_status":"closed","template":"","meta":{"footnotes":""},"class_list":["post-11","page","type-page","status-publish","hentry"],"_links":{"self":[{"href":"https:\/\/loiseau-creations.com\/index.php?rest_route=\/wp\/v2\/pages\/11","targetHints":{"allow":["GET"]}}],"collection":[{"href":"https:\/\/loiseau-creations.com\/index.php?rest_route=\/wp\/v2\/pages"}],"about":[{"href":"https:\/\/loiseau-creations.com\/index.php?rest_route=\/wp\/v2\/types\/page"}],"author":[{"embeddable":true,"href":"https:\/\/loiseau-creations.com\/index.php?rest_route=\/wp\/v2\/users\/1"}],"replies":[{"embeddable":true,"href":"https:\/\/loiseau-creations.com\/index.php?rest_route=%2Fwp%2Fv2%2Fcomments&post=11"}],"version-history":[{"count":14,"href":"https:\/\/loiseau-creations.com\/index.php?rest_route=\/wp\/v2\/pages\/11\/revisions"}],"predecessor-version":[{"id":3142,"href":"https:\/\/loiseau-creations.com\/index.php?rest_route=\/wp\/v2\/pages\/11\/revisions\/3142"}],"wp:attachment":[{"href":"https:\/\/loiseau-creations.com\/index.php?rest_route=%2Fwp%2Fv2%2Fmedia&parent=11"}],"curies":[{"name":"wp","href":"https:\/\/api.w.org\/{rel}","templated":true}]}}