{"id":106,"date":"2022-10-30T16:13:45","date_gmt":"2022-10-30T15:13:45","guid":{"rendered":"http:\/\/loiseau-creations.com\/?page_id=106"},"modified":"2025-11-19T21:03:24","modified_gmt":"2025-11-19T20:03:24","slug":"commande-specifique-pour-differents-evenements","status":"publish","type":"page","link":"https:\/\/loiseau-creations.com\/?page_id=106","title":{"rendered":"Commande Sp\u00e9cifique"},"content":{"rendered":"\n<div class=\"wp-block-columns are-vertically-aligned-center is-layout-flex wp-container-core-columns-is-layout-9d6595d7 wp-block-columns-is-layout-flex\">\n<div class=\"wp-block-column is-vertically-aligned-center is-layout-flow wp-block-column-is-layout-flow\" style=\"flex-basis:100%\">\n<div class=\"wp-block-group is-horizontal is-content-justification-center is-nowrap is-layout-flex wp-container-core-group-is-layout-c1dfda1e wp-block-group-is-layout-flex\">\n<p class=\"has-text-align-center\">Cette prestation comprend la r\u00e9alisation sur mesure d\u2019objets sur commande pour des \u00e9v\u00e8nements particuliers (anniversaires, mariage, cadeaux d\u2019entreprise, vitraux pour des fen\u00eatres \u00e0 petit carreaux par exemple, mais beaucoup d\u2019autres choses peuvent \u00eatre faites et propos\u00e9es).                                                                                               Le projet est mis en place avec le demandeur. <br>Un dessin pr\u00e9paratoire est propos\u00e9, ainsi qu\u2019un devis, qui sont valid\u00e9s avant la r\u00e9alisation de l\u2019objet.&nbsp;<\/p>\n\n\n\n<div style=\"height:100px;width:0px\" aria-hidden=\"true\" class=\"wp-block-spacer wp-container-content-6388d5dc\"><\/div>\n<\/div>\n<\/div>\n<\/div>\n\n\n\n<div class=\"wp-block-columns is-layout-flex wp-container-core-columns-is-layout-9d6595d7 wp-block-columns-is-layout-flex\">\n<div class=\"wp-block-column is-layout-flow wp-block-column-is-layout-flow\">\n<div style=\"height:100px\" aria-hidden=\"true\" class=\"wp-block-spacer\"><\/div>\n<\/div>\n<\/div>\n\n\n\n<div class=\"wp-block-columns are-vertically-aligned-center is-layout-flex wp-container-core-columns-is-layout-9d6595d7 wp-block-columns-is-layout-flex\">\n<div class=\"wp-block-column is-vertically-aligned-center is-layout-flow wp-block-column-is-layout-flow\" style=\"flex-basis:100%\">\n<div class=\"wp-block-columns is-layout-flex wp-container-core-columns-is-layout-9d6595d7 wp-block-columns-is-layout-flex\">\n<div class=\"wp-block-column is-layout-flow wp-block-column-is-layout-flow\"><div class=\"wp-block-image\">\n<figure class=\"aligncenter size-full\"><img loading=\"lazy\" decoding=\"async\" width=\"720\" height=\"960\" src=\"https:\/\/loiseau-creations.com\/wp-content\/uploads\/2023\/11\/Vitrail-pour-evenement-de-Mariage.jpg\" alt=\"\" class=\"wp-image-1416\" srcset=\"https:\/\/loiseau-creations.com\/wp-content\/uploads\/2023\/11\/Vitrail-pour-evenement-de-Mariage.jpg 720w, https:\/\/loiseau-creations.com\/wp-content\/uploads\/2023\/11\/Vitrail-pour-evenement-de-Mariage-225x300.jpg 225w\" sizes=\"auto, (max-width: 720px) 100vw, 720px\" \/><figcaption class=\"wp-element-caption\"><strong><em>Commande r\u00e9alis\u00e9 pour les 50 ans de Mariage de Michelle et Dominique <\/em><\/strong><\/figcaption><\/figure>\n<\/div><\/div>\n\n\n\n<div class=\"wp-block-column is-layout-flow wp-block-column-is-layout-flow\"><div class=\"wp-block-image\">\n<figure class=\"aligncenter size-large\"><img loading=\"lazy\" decoding=\"async\" width=\"768\" height=\"1024\" src=\"https:\/\/loiseau-creations.com\/wp-content\/uploads\/2024\/01\/IMG_8786-768x1024.jpg\" alt=\"\" class=\"wp-image-1464\" srcset=\"https:\/\/loiseau-creations.com\/wp-content\/uploads\/2024\/01\/IMG_8786-768x1024.jpg 768w, https:\/\/loiseau-creations.com\/wp-content\/uploads\/2024\/01\/IMG_8786-225x300.jpg 225w, https:\/\/loiseau-creations.com\/wp-content\/uploads\/2024\/01\/IMG_8786-1152x1536.jpg 1152w, https:\/\/loiseau-creations.com\/wp-content\/uploads\/2024\/01\/IMG_8786-1536x2048.jpg 1536w, https:\/\/loiseau-creations.com\/wp-content\/uploads\/2024\/01\/IMG_8786-1024x1365.jpg 1024w, https:\/\/loiseau-creations.com\/wp-content\/uploads\/2024\/01\/IMG_8786-810x1080.jpg 810w, https:\/\/loiseau-creations.com\/wp-content\/uploads\/2024\/01\/IMG_8786-scaled.jpg 1920w\" sizes=\"auto, (max-width: 768px) 100vw, 768px\" \/><figcaption class=\"wp-element-caption\"><strong><em>Cadeau de No\u00ebl pour Math\u00e9o <\/em><\/strong><\/figcaption><\/figure>\n<\/div><\/div>\n<\/div>\n<\/div>\n<\/div>\n\n\n\n<div class=\"wp-block-columns is-layout-flex wp-container-core-columns-is-layout-9d6595d7 wp-block-columns-is-layout-flex\">\n<div class=\"wp-block-column is-layout-flow wp-block-column-is-layout-flow\" style=\"flex-basis:100%\">\n<div class=\"wp-block-columns is-layout-flex wp-container-core-columns-is-layout-9d6595d7 wp-block-columns-is-layout-flex\">\n<div class=\"wp-block-column is-layout-flow wp-block-column-is-layout-flow\">\n<figure class=\"wp-block-image size-large\"><img loading=\"lazy\" decoding=\"async\" width=\"768\" height=\"1024\" src=\"https:\/\/loiseau-creations.com\/wp-content\/uploads\/2025\/11\/IMG_7570-768x1024.jpg\" alt=\"\" class=\"wp-image-2774\" srcset=\"https:\/\/loiseau-creations.com\/wp-content\/uploads\/2025\/11\/IMG_7570-768x1024.jpg 768w, https:\/\/loiseau-creations.com\/wp-content\/uploads\/2025\/11\/IMG_7570-225x300.jpg 225w, https:\/\/loiseau-creations.com\/wp-content\/uploads\/2025\/11\/IMG_7570-1152x1536.jpg 1152w, https:\/\/loiseau-creations.com\/wp-content\/uploads\/2025\/11\/IMG_7570-1536x2048.jpg 1536w, https:\/\/loiseau-creations.com\/wp-content\/uploads\/2025\/11\/IMG_7570-1024x1365.jpg 1024w, https:\/\/loiseau-creations.com\/wp-content\/uploads\/2025\/11\/IMG_7570-810x1080.jpg 810w, https:\/\/loiseau-creations.com\/wp-content\/uploads\/2025\/11\/IMG_7570-scaled.jpg 1920w\" sizes=\"auto, (max-width: 768px) 100vw, 768px\" \/><\/figure>\n\n\n\n<p class=\"has-text-align-center\"><em><strong>Restauration de vitraux pour Anick et son Mari<\/strong><\/em><\/p>\n<\/div>\n\n\n\n<div class=\"wp-block-column is-layout-flow wp-block-column-is-layout-flow\"><\/div>\n<\/div>\n<\/div>\n<\/div>\n\n\n\n<p><\/p>\n","protected":false},"excerpt":{"rendered":"<p>Cette prestation comprend la r\u00e9alisation sur mesure d\u2019objets sur commande pour des \u00e9v\u00e8nements particuliers (anniversaires, mariage, cadeaux d\u2019entreprise, vitraux pour des fen\u00eatres \u00e0 petit carreaux par exemple, mais beaucoup d\u2019autres choses peuvent \u00eatre faites et propos\u00e9es). Le projet est mis en place avec le demandeur. Un dessin pr\u00e9paratoire est propos\u00e9, ainsi qu\u2019un devis, qui sont&hellip; <br \/> <a class=\"read-more\" href=\"https:\/\/loiseau-creations.com\/?page_id=106\">Lire la suite<\/a><\/p>\n","protected":false},"author":1,"featured_media":0,"parent":17,"menu_order":2,"comment_status":"closed","ping_status":"closed","template":"","meta":{"footnotes":""},"class_list":["post-106","page","type-page","status-publish","hentry"],"_links":{"self":[{"href":"https:\/\/loiseau-creations.com\/index.php?rest_route=\/wp\/v2\/pages\/106","targetHints":{"allow":["GET"]}}],"collection":[{"href":"https:\/\/loiseau-creations.com\/index.php?rest_route=\/wp\/v2\/pages"}],"about":[{"href":"https:\/\/loiseau-creations.com\/index.php?rest_route=\/wp\/v2\/types\/page"}],"author":[{"embeddable":true,"href":"https:\/\/loiseau-creations.com\/index.php?rest_route=\/wp\/v2\/users\/1"}],"replies":[{"embeddable":true,"href":"https:\/\/loiseau-creations.com\/index.php?rest_route=%2Fwp%2Fv2%2Fcomments&post=106"}],"version-history":[{"count":12,"href":"https:\/\/loiseau-creations.com\/index.php?rest_route=\/wp\/v2\/pages\/106\/revisions"}],"predecessor-version":[{"id":2777,"href":"https:\/\/loiseau-creations.com\/index.php?rest_route=\/wp\/v2\/pages\/106\/revisions\/2777"}],"up":[{"embeddable":true,"href":"https:\/\/loiseau-creations.com\/index.php?rest_route=\/wp\/v2\/pages\/17"}],"wp:attachment":[{"href":"https:\/\/loiseau-creations.com\/index.php?rest_route=%2Fwp%2Fv2%2Fmedia&parent=106"}],"curies":[{"name":"wp","href":"https:\/\/api.w.org\/{rel}","templated":true}]}}